{"id":734,"date":"2018-07-26T10:49:22","date_gmt":"2018-07-26T13:49:22","guid":{"rendered":"https:\/\/iseamdomingozipoli-cba.infd.edu.ar\/sitio\/?page_id=734"},"modified":"2026-04-14T15:08:27","modified_gmt":"2026-04-14T18:08:27","slug":"plan-de-estudio","status":"publish","type":"page","link":"https:\/\/iseamdomingozipoli-cba.infd.edu.ar\/sitio\/catalogo\/plan-de-estudio\/","title":{"rendered":"Plan de estudio"},"content":{"rendered":"<h4>Tecnicatura Superior en Direcci\u00f3n Coral<\/h4>\n<h4>Acerca de la carrera<\/h4>\n<p>Carrera de tres a\u00f1os de duraci\u00f3n que procura la formaci\u00f3n integral y profesional del Director de Coro.<\/p>\n<h4><\/h4>\n<h4>Plan de estudios<\/h4>\n<p><strong>1\u00b0 A\u00f1o<\/strong><\/p>\n<ul>\n<li><strong>Audioperceptiva I<\/strong><\/li>\n<li><strong>Fon\u00e9tica Italiana-Cuatrimestral<\/strong><\/li>\n<li><strong>Fon\u00e9tica Latina-Cuatrimestral<\/strong><\/li>\n<li><strong>Foniatr\u00eda<\/strong><\/li>\n<li><strong>Morfolog\u00eda\u00a0e\u00a0Historia de la M\u00fasica Coral I<\/strong><\/li>\n<li><strong>Historia Del<\/strong>\u00a0<strong>Arte<\/strong><\/li>\n<li><strong>Teclado Complementario I<\/strong><\/li>\n<li><strong>Coro I<\/strong><\/li>\n<li><strong>Practica de Direcci\u00f3n Coral I<\/strong><\/li>\n<li><strong>Psicolog\u00eda Evolutiva<\/strong><\/li>\n<li><strong>Teor\u00eda y Pr\u00e1ctica de la Armon\u00eda<\/strong><\/li>\n<\/ul>\n<p><strong>2\u00b0 A\u00f1o<\/strong><\/p>\n<ul>\n<li><strong>Audioperceptiva II<\/strong><\/li>\n<li><strong>Fon\u00e9tica Alemana-Cuatrimestral<\/strong><\/li>\n<li><strong>Fon\u00e9tica Francesa-Cuatrimestral<\/strong><\/li>\n<li><strong>Morfolog\u00eda e Historia de la M\u00fasica Coral II<\/strong><\/li>\n<li><strong>T\u00e9cnica Vocal I<\/strong><\/li>\n<li><strong>Teclado Complementario II<\/strong><\/li>\n<li><strong>Coro II<\/strong><\/li>\n<li><strong>Pr\u00e1ctica de Direcci\u00f3n Coral II<\/strong><\/li>\n<li><strong>T\u00e9cnica de Direcci\u00f3n Coral y Orquestal<\/strong><\/li>\n<li><strong>Teor\u00eda y Practica de la Armon\u00eda y el Contrapunto<\/strong><\/li>\n<\/ul>\n<p><strong>3\u00b0 A\u00f1o<\/strong><\/p>\n<ul>\n<li><strong>Arreglos de Musical Coral<\/strong><\/li>\n<li><strong>\u00c9tica de la Pr\u00e1ctica Profesional<\/strong><\/li>\n<li><strong>Morfolog\u00eda e Historia de la M\u00fasica Coral III<\/strong><\/li>\n<li><strong>Ingles T\u00e9cnico<\/strong><\/li>\n<li><strong>Teclado Complementario III<\/strong><\/li>\n<li><strong>Planificaci\u00f3n, Desarrollo y Selecci\u00f3n de Repertorio<\/strong><\/li>\n<li><strong>Coro III<\/strong><\/li>\n<li><strong>Pr\u00e1ctica de Direcci\u00f3n Coral III<\/strong><\/li>\n<li><strong>Taller Opcional (Cuatrimestral)<\/strong><\/li>\n<li><strong>T\u00e9cnica Vocal II<\/strong><\/li>\n<\/ul>\n<h4>Perfil del egresado<\/h4>\n<p>Directores de Coro con una s\u00f3lida preparaci\u00f3n t\u00e9cnica, conceptual y musical.<\/p>\n","protected":false},"excerpt":{"rendered":"<p>Tecnicatura Superior en Direcci\u00f3n Coral Acerca de la carrera Carrera de tres a\u00f1os de duraci\u00f3n que procura la formaci\u00f3n integral y profesional del Director de Coro. Plan de estudios 1\u00b0 A\u00f1o Audioperceptiva I Fon\u00e9tica Italiana-Cuatrimestral Fon\u00e9tica Latina-Cuatrimestral Foniatr\u00eda Morfolog\u00eda\u00a0e\u00a0Historia de la M\u00fasica Coral I Historia Del\u00a0Arte Teclado Complementario I Coro I Practica de Direcci\u00f3n Coral &#8230; <a title=\"Plan de estudio\" class=\"read-more\" href=\"https:\/\/iseamdomingozipoli-cba.infd.edu.ar\/sitio\/catalogo\/plan-de-estudio\/\" aria-label=\"M\u00e1s en Plan de estudio\">[+]<\/a><\/p>\n","protected":false},"author":6,"featured_media":0,"parent":644,"menu_order":0,"comment_status":"closed","ping_status":"closed","template":"","meta":[],"_links":{"self":[{"href":"https:\/\/iseamdomingozipoli-cba.infd.edu.ar\/sitio\/wp-json\/wp\/v2\/pages\/734"}],"collection":[{"href":"https:\/\/iseamdomingozipoli-cba.infd.edu.ar\/sitio\/wp-json\/wp\/v2\/pages"}],"about":[{"href":"https:\/\/iseamdomingozipoli-cba.infd.edu.ar\/sitio\/wp-json\/wp\/v2\/types\/page"}],"author":[{"embeddable":true,"href":"https:\/\/iseamdomingozipoli-cba.infd.edu.ar\/sitio\/wp-json\/wp\/v2\/users\/6"}],"replies":[{"embeddable":true,"href":"https:\/\/iseamdomingozipoli-cba.infd.edu.ar\/sitio\/wp-json\/wp\/v2\/comments?post=734"}],"version-history":[{"count":6,"href":"https:\/\/iseamdomingozipoli-cba.infd.edu.ar\/sitio\/wp-json\/wp\/v2\/pages\/734\/revisions"}],"predecessor-version":[{"id":831,"href":"https:\/\/iseamdomingozipoli-cba.infd.edu.ar\/sitio\/wp-json\/wp\/v2\/pages\/734\/revisions\/831"}],"up":[{"embeddable":true,"href":"https:\/\/iseamdomingozipoli-cba.infd.edu.ar\/sitio\/wp-json\/wp\/v2\/pages\/644"}],"wp:attachment":[{"href":"https:\/\/iseamdomingozipoli-cba.infd.edu.ar\/sitio\/wp-json\/wp\/v2\/media?parent=734"}],"curies":[{"name":"wp","href":"https:\/\/api.w.org\/{rel}","templated":true}]}}